{"id":1369,"date":"2021-01-11T10:15:15","date_gmt":"2021-01-11T08:15:15","guid":{"rendered":"https:\/\/identifio.fi\/?page_id=1369"},"modified":"2022-11-18T17:58:31","modified_gmt":"2022-11-18T15:58:31","slug":"yhteydenotto","status":"publish","type":"page","link":"https:\/\/identifio.fi\/?page_id=1369","title":{"rendered":"yhteydenotto"},"content":{"rendered":"\t\t<div data-elementor-type=\"wp-page\" data-elementor-id=\"1369\" class=\"elementor elementor-1369\" data-elementor-post-type=\"page\">\n\t\t\t\t\t\t<section class=\"elementor-section elementor-top-section elementor-element elementor-element-51f2b33b elementor-section-full_width elementor-section-height-default elementor-section-height-default\" data-id=\"51f2b33b\" data-element_type=\"section\">\n\t\t\t\t\t\t<div class=\"elementor-container elementor-column-gap-default\">\n\t\t\t\t\t<div class=\"elementor-column elementor-col-100 elementor-top-column elementor-element elementor-element-6a3d00d5\" data-id=\"6a3d00d5\" data-element_type=\"column\">\n\t\t\t<div class=\"elementor-widget-wrap elementor-element-populated\">\n\t\t\t\t\t\t<div class=\"elementor-element elementor-element-7415849a elementor-widget elementor-widget-html\" data-id=\"7415849a\" data-element_type=\"widget\" data-widget_type=\"html.default\">\n\t\t\t\t<div class=\"elementor-widget-container\">\n\t\t\t\t\t<!-- The video -->\r\n<video autoplay muted loop id=\"myVideo\">\r\n  <source src=\"https:\/\/identifio.fi\/wp-content\/uploads\/2020\/11\/aloittamo.mp4\">\r\n<\/video>\t\t\t\t<\/div>\n\t\t\t\t<\/div>\n\t\t\t\t<div class=\"elementor-element elementor-element-b8911ea elementor-nav-menu__align-center elementor-nav-menu--dropdown-mobile elementor-nav-menu__text-align-center elementor-nav-menu--toggle elementor-nav-menu--burger elementor-widget elementor-widget-nav-menu\" data-id=\"b8911ea\" data-element_type=\"widget\" data-settings=\"{&quot;submenu_icon&quot;:{&quot;value&quot;:&quot;&lt;i class=\\&quot;\\&quot;&gt;&lt;\\\/i&gt;&quot;,&quot;library&quot;:&quot;&quot;},&quot;layout&quot;:&quot;horizontal&quot;,&quot;toggle&quot;:&quot;burger&quot;}\" data-widget_type=\"nav-menu.default\">\n\t\t\t\t<div class=\"elementor-widget-container\">\n\t\t\t\t\t\t\t\t<nav aria-label=\"Menu\" class=\"elementor-nav-menu--main elementor-nav-menu__container elementor-nav-menu--layout-horizontal e--pointer-none\">\n\t\t\t\t<ul id=\"menu-1-b8911ea\" class=\"elementor-nav-menu\"><li class=\"valikkologo menu-item menu-item-type-post_type menu-item-object-page menu-item-home menu-item-10571\"><a href=\"https:\/\/identifio.fi\/\" class=\"menu-image-title-hide menu-image-not-hovered elementor-item\"><span class=\"menu-image-title-hide menu-image-title\">Identifio<\/span><img decoding=\"async\" width=\"150\" height=\"53\" src=\"https:\/\/identifio.fi\/wp-content\/uploads\/2022\/11\/menulogo-150.png\" class=\"menu-image menu-image-title-hide\" alt=\"\" \/><\/a><\/li>\n<li class=\"menu-item menu-item-type-post_type menu-item-object-page menu-item-3482\"><a href=\"https:\/\/identifio.fi\/?page_id=3341\" class=\"elementor-item\">Tietoa meist\u00e4<\/a><\/li>\n<li class=\"menu-item menu-item-type-post_type menu-item-object-page menu-item-9427\"><a href=\"https:\/\/identifio.fi\/?page_id=9406\" class=\"elementor-item\">Ty\u00f6identiteetti<\/a><\/li>\n<li class=\"menu-item menu-item-type-post_type menu-item-object-page menu-item-9429\"><a href=\"https:\/\/identifio.fi\/?page_id=9421\" class=\"elementor-item\">Ty\u00f6ntekij\u00e4lle<\/a><\/li>\n<li class=\"menu-item menu-item-type-post_type menu-item-object-page menu-item-6174\"><a href=\"https:\/\/identifio.fi\/?page_id=5340\" class=\"elementor-item\">Ty\u00f6nohjaajalle<\/a><\/li>\n<li class=\"menu-item menu-item-type-post_type menu-item-object-page menu-item-6173\"><a href=\"https:\/\/identifio.fi\/?page_id=5306\" class=\"elementor-item\">Organisaatiolle<\/a><\/li>\n<li class=\"menu-item menu-item-type-post_type menu-item-object-page menu-item-9469\"><a href=\"https:\/\/identifio.fi\/?page_id=9463\" class=\"elementor-item\">Asiakastarinat<\/a><\/li>\n<li class=\"menu-item menu-item-type-post_type menu-item-object-page menu-item-3483\"><a href=\"https:\/\/identifio.fi\/?page_id=1369\" class=\"elementor-item\">Ota yhteytt\u00e4<\/a><\/li>\n<\/ul>\t\t\t<\/nav>\n\t\t\t\t\t<div class=\"elementor-menu-toggle\" role=\"button\" tabindex=\"0\" aria-label=\"Menu Toggle\" aria-expanded=\"false\">\n\t\t\t<i aria-hidden=\"true\" role=\"presentation\" class=\"elementor-menu-toggle__icon--open eicon-menu-bar\"><\/i><i aria-hidden=\"true\" role=\"presentation\" class=\"elementor-menu-toggle__icon--close eicon-close\"><\/i>\t\t<\/div>\n\t\t\t\t\t<nav class=\"elementor-nav-menu--dropdown elementor-nav-menu__container\" aria-hidden=\"true\">\n\t\t\t\t<ul id=\"menu-2-b8911ea\" class=\"elementor-nav-menu\"><li class=\"valikkologo menu-item menu-item-type-post_type menu-item-object-page menu-item-home menu-item-10571\"><a href=\"https:\/\/identifio.fi\/\" class=\"menu-image-title-hide menu-image-not-hovered elementor-item\" tabindex=\"-1\"><span class=\"menu-image-title-hide menu-image-title\">Identifio<\/span><img decoding=\"async\" width=\"150\" height=\"53\" src=\"https:\/\/identifio.fi\/wp-content\/uploads\/2022\/11\/menulogo-150.png\" class=\"menu-image menu-image-title-hide\" alt=\"\" \/><\/a><\/li>\n<li class=\"menu-item menu-item-type-post_type menu-item-object-page menu-item-3482\"><a href=\"https:\/\/identifio.fi\/?page_id=3341\" class=\"elementor-item\" tabindex=\"-1\">Tietoa meist\u00e4<\/a><\/li>\n<li class=\"menu-item menu-item-type-post_type menu-item-object-page menu-item-9427\"><a href=\"https:\/\/identifio.fi\/?page_id=9406\" class=\"elementor-item\" tabindex=\"-1\">Ty\u00f6identiteetti<\/a><\/li>\n<li class=\"menu-item menu-item-type-post_type menu-item-object-page menu-item-9429\"><a href=\"https:\/\/identifio.fi\/?page_id=9421\" class=\"elementor-item\" tabindex=\"-1\">Ty\u00f6ntekij\u00e4lle<\/a><\/li>\n<li class=\"menu-item menu-item-type-post_type menu-item-object-page menu-item-6174\"><a href=\"https:\/\/identifio.fi\/?page_id=5340\" class=\"elementor-item\" tabindex=\"-1\">Ty\u00f6nohjaajalle<\/a><\/li>\n<li class=\"menu-item menu-item-type-post_type menu-item-object-page menu-item-6173\"><a href=\"https:\/\/identifio.fi\/?page_id=5306\" class=\"elementor-item\" tabindex=\"-1\">Organisaatiolle<\/a><\/li>\n<li class=\"menu-item menu-item-type-post_type menu-item-object-page menu-item-9469\"><a href=\"https:\/\/identifio.fi\/?page_id=9463\" class=\"elementor-item\" tabindex=\"-1\">Asiakastarinat<\/a><\/li>\n<li class=\"menu-item menu-item-type-post_type menu-item-object-page menu-item-3483\"><a href=\"https:\/\/identifio.fi\/?page_id=1369\" class=\"elementor-item\" tabindex=\"-1\">Ota yhteytt\u00e4<\/a><\/li>\n<\/ul>\t\t\t<\/nav>\n\t\t\t\t\t\t<\/div>\n\t\t\t\t<\/div>\n\t\t\t\t\t<\/div>\n\t\t<\/div>\n\t\t\t\t\t<\/div>\n\t\t<\/section>\n\t\t\t\t<section class=\"elementor-section elementor-top-section elementor-element elementor-element-dde9bdb elementor-section-boxed elementor-section-height-default elementor-section-height-default\" data-id=\"dde9bdb\" data-element_type=\"section\">\n\t\t\t\t\t\t<div class=\"elementor-container elementor-column-gap-default\">\n\t\t\t\t\t<div class=\"elementor-column elementor-col-100 elementor-top-column elementor-element elementor-element-62be2747\" data-id=\"62be2747\" data-element_type=\"column\">\n\t\t\t<div class=\"elementor-widget-wrap elementor-element-populated\">\n\t\t\t\t\t\t<div class=\"elementor-element elementor-element-6d97bed5 elementor-widget elementor-widget-image\" data-id=\"6d97bed5\" data-element_type=\"widget\" data-widget_type=\"image.default\">\n\t\t\t\t<div class=\"elementor-widget-container\">\n\t\t\t\t\t\t\t\t\t\t\t\t\t\t\t\t<a href=\"http:\/\/www.identifio.fi\">\n\t\t\t\t\t\t\t<img decoding=\"async\" width=\"300\" height=\"106\" src=\"https:\/\/identifio.fi\/wp-content\/uploads\/2020\/12\/identifio3-300x106.png\" class=\"attachment-medium size-medium wp-image-1213\" alt=\"\" srcset=\"https:\/\/identifio.fi\/wp-content\/uploads\/2020\/12\/identifio3-300x106.png 300w, https:\/\/identifio.fi\/wp-content\/uploads\/2020\/12\/identifio3-1024x360.png 1024w, https:\/\/identifio.fi\/wp-content\/uploads\/2020\/12\/identifio3-768x270.png 768w, https:\/\/identifio.fi\/wp-content\/uploads\/2020\/12\/identifio3-1536x540.png 1536w, https:\/\/identifio.fi\/wp-content\/uploads\/2020\/12\/identifio3-1568x551.png 1568w, https:\/\/identifio.fi\/wp-content\/uploads\/2020\/12\/identifio3.png 1632w\" sizes=\"(max-width: 300px) 100vw, 300px\" \/>\t\t\t\t\t\t\t\t<\/a>\n\t\t\t\t\t\t\t\t\t\t\t\t\t\t\t<\/div>\n\t\t\t\t<\/div>\n\t\t\t\t<div class=\"elementor-element elementor-element-8d81534 elementor-widget elementor-widget-heading\" data-id=\"8d81534\" data-element_type=\"widget\" data-widget_type=\"heading.default\">\n\t\t\t\t<div class=\"elementor-widget-container\">\n\t\t\t\t\t<h2 class=\"elementor-heading-title elementor-size-default\">Ota meihin yhteytt\u00e4<\/h2>\t\t\t\t<\/div>\n\t\t\t\t<\/div>\n\t\t\t\t<div class=\"elementor-element elementor-element-e00fc6f elementor-widget elementor-widget-text-editor\" data-id=\"e00fc6f\" data-element_type=\"widget\" data-widget_type=\"text-editor.default\">\n\t\t\t\t<div class=\"elementor-widget-container\">\n\t\t\t\t\t\t\t\t\t<p>Kirjoita viestisi ja s\u00e4hk\u00f6postisi tai puhelinnumerosi alla olevaan lomakkeeseen niin olemme sinuun pikimmiten yhteydess\u00e4.<\/p>\t\t\t\t\t\t\t\t<\/div>\n\t\t\t\t<\/div>\n\t\t\t\t\t<\/div>\n\t\t<\/div>\n\t\t\t\t\t<\/div>\n\t\t<\/section>\n\t\t\t\t<section class=\"elementor-section elementor-top-section elementor-element elementor-element-94b8891 elementor-section-boxed elementor-section-height-default elementor-section-height-default\" data-id=\"94b8891\" data-element_type=\"section\">\n\t\t\t\t\t\t<div class=\"elementor-container elementor-column-gap-default\">\n\t\t\t\t\t<div class=\"elementor-column elementor-col-33 elementor-top-column elementor-element elementor-element-0d9c9db\" data-id=\"0d9c9db\" data-element_type=\"column\">\n\t\t\t<div class=\"elementor-widget-wrap\">\n\t\t\t\t\t\t\t<\/div>\n\t\t<\/div>\n\t\t\t\t<div class=\"elementor-column elementor-col-33 elementor-top-column elementor-element elementor-element-8c47345\" data-id=\"8c47345\" data-element_type=\"column\">\n\t\t\t<div class=\"elementor-widget-wrap elementor-element-populated\">\n\t\t\t\t\t\t<div class=\"elementor-element elementor-element-33bcf93 elementor-button-align-center elementor-widget elementor-widget-form\" data-id=\"33bcf93\" data-element_type=\"widget\" data-settings=\"{&quot;step_next_label&quot;:&quot;Next&quot;,&quot;step_previous_label&quot;:&quot;Previous&quot;,&quot;button_width&quot;:&quot;100&quot;,&quot;step_type&quot;:&quot;number_text&quot;,&quot;step_icon_shape&quot;:&quot;circle&quot;}\" data-widget_type=\"form.default\">\n\t\t\t\t<div class=\"elementor-widget-container\">\n\t\t\t\t\t\t\t<form class=\"elementor-form\" method=\"post\" name=\"New Form\">\n\t\t\t<input type=\"hidden\" name=\"post_id\" value=\"1369\"\/>\n\t\t\t<input type=\"hidden\" name=\"form_id\" value=\"33bcf93\"\/>\n\t\t\t<input type=\"hidden\" name=\"referer_title\" value=\"IDentifio\" \/>\n\n\t\t\t\n\t\t\t<div class=\"elementor-form-fields-wrapper elementor-labels-above\">\n\t\t\t\t\t\t\t\t<div class=\"elementor-field-type-text elementor-field-group elementor-column elementor-field-group-name elementor-col-80\">\n\t\t\t\t\t\t\t\t\t\t\t\t<label for=\"form-field-name\" class=\"elementor-field-label\">\n\t\t\t\t\t\t\t\tNimi\t\t\t\t\t\t\t<\/label>\n\t\t\t\t\t\t\t\t\t\t\t\t\t\t<input size=\"1\" type=\"text\" name=\"form_fields[name]\" id=\"form-field-name\" class=\"elementor-field elementor-size-sm  elementor-field-textual\" placeholder=\"Kirjoita nimesi\">\n\t\t\t\t\t\t\t\t\t\t\t<\/div>\n\t\t\t\t\t\t\t\t<div class=\"elementor-field-type-email elementor-field-group elementor-column elementor-field-group-email elementor-col-80 elementor-field-required\">\n\t\t\t\t\t\t\t\t\t\t\t\t<label for=\"form-field-email\" class=\"elementor-field-label\">\n\t\t\t\t\t\t\t\tS\u00e4hk\u00f6posti\t\t\t\t\t\t\t<\/label>\n\t\t\t\t\t\t\t\t\t\t\t\t\t\t<input size=\"1\" type=\"email\" name=\"form_fields[email]\" id=\"form-field-email\" class=\"elementor-field elementor-size-sm  elementor-field-textual\" placeholder=\"kirjoita s\u00e4hk\u00f6postisi\" required=\"required\" aria-required=\"true\">\n\t\t\t\t\t\t\t\t\t\t\t<\/div>\n\t\t\t\t\t\t\t\t<div class=\"elementor-field-type-tel elementor-field-group elementor-column elementor-field-group-message elementor-col-80\">\n\t\t\t\t\t\t\t\t\t\t\t\t<label for=\"form-field-message\" class=\"elementor-field-label\">\n\t\t\t\t\t\t\t\tPuhelinnumero\t\t\t\t\t\t\t<\/label>\n\t\t\t\t\t\t\t\t<input size=\"1\" type=\"tel\" name=\"form_fields[message]\" id=\"form-field-message\" class=\"elementor-field elementor-size-sm  elementor-field-textual\" placeholder=\"Kirjoita puhelinnumerosi\" pattern=\"[0-9()#&amp;+*-=.]+\" title=\"Only numbers and phone characters (#, -, *, etc) are accepted.\">\n\n\t\t\t\t\t\t<\/div>\n\t\t\t\t\t\t\t\t<div class=\"elementor-field-type-textarea elementor-field-group elementor-column elementor-field-group-field_631b086 elementor-col-80\">\n\t\t\t\t\t\t\t\t\t\t\t\t<label for=\"form-field-field_631b086\" class=\"elementor-field-label\">\n\t\t\t\t\t\t\t\tViestisi\t\t\t\t\t\t\t<\/label>\n\t\t\t\t\t\t<textarea class=\"elementor-field-textual elementor-field  elementor-size-sm\" name=\"form_fields[field_631b086]\" id=\"form-field-field_631b086\" rows=\"20\" placeholder=\"Kirjoita viestisi\"><\/textarea>\t\t\t\t<\/div>\n\t\t\t\t\t\t\t\t<div class=\"elementor-field-group elementor-column elementor-field-type-submit elementor-col-100 e-form__buttons\">\n\t\t\t\t\t<button class=\"elementor-button elementor-size-sm\" type=\"submit\">\n\t\t\t\t\t\t<span class=\"elementor-button-content-wrapper\">\n\t\t\t\t\t\t\t\t\t\t\t\t\t\t\t\t\t\t\t\t\t\t<span class=\"elementor-button-text\">L\u00e4het\u00e4<\/span>\n\t\t\t\t\t\t\t\t\t\t\t\t\t<\/span>\n\t\t\t\t\t<\/button>\n\t\t\t\t<\/div>\n\t\t\t<\/div>\n\t\t<\/form>\n\t\t\t\t\t\t<\/div>\n\t\t\t\t<\/div>\n\t\t\t\t\t<\/div>\n\t\t<\/div>\n\t\t\t\t<div class=\"elementor-column elementor-col-33 elementor-top-column elementor-element elementor-element-cfea717\" data-id=\"cfea717\" data-element_type=\"column\">\n\t\t\t<div class=\"elementor-widget-wrap\">\n\t\t\t\t\t\t\t<\/div>\n\t\t<\/div>\n\t\t\t\t\t<\/div>\n\t\t<\/section>\n\t\t\t\t<\/div>\n\t\t","protected":false},"excerpt":{"rendered":"<p>Ota meihin yhteytt\u00e4 Kirjoita viestisi ja s\u00e4hk\u00f6postisi tai puhelinnumerosi alla olevaan lomakkeeseen niin olemme sinuun pikimmiten yhteydess\u00e4.<\/p>\n","protected":false},"author":6,"featured_media":0,"parent":0,"menu_order":0,"comment_status":"closed","ping_status":"closed","template":"","meta":{"_acf_changed":false,"passster_activate_protection":false,"passster_protect_child_pages":"","passster_protection_type":"password","passster_password":"","passster_activate_overwrite_defaults":"","passster_headline":"","passster_instruction":"","passster_placeholder":"","passster_button":"","passster_id":"","passster_activate_misc_settings":"","passster_redirect_url":"","passster_hide":"no","passster_area_shortcode":"","footnotes":""},"class_list":["post-1369","page","type-page","status-publish","hentry"],"acf":[],"_links":{"self":[{"href":"https:\/\/identifio.fi\/index.php?rest_route=\/wp\/v2\/pages\/1369","targetHints":{"allow":["GET"]}}],"collection":[{"href":"https:\/\/identifio.fi\/index.php?rest_route=\/wp\/v2\/pages"}],"about":[{"href":"https:\/\/identifio.fi\/index.php?rest_route=\/wp\/v2\/types\/page"}],"author":[{"embeddable":true,"href":"https:\/\/identifio.fi\/index.php?rest_route=\/wp\/v2\/users\/6"}],"replies":[{"embeddable":true,"href":"https:\/\/identifio.fi\/index.php?rest_route=%2Fwp%2Fv2%2Fcomments&post=1369"}],"version-history":[{"count":30,"href":"https:\/\/identifio.fi\/index.php?rest_route=\/wp\/v2\/pages\/1369\/revisions"}],"predecessor-version":[{"id":10614,"href":"https:\/\/identifio.fi\/index.php?rest_route=\/wp\/v2\/pages\/1369\/revisions\/10614"}],"wp:attachment":[{"href":"https:\/\/identifio.fi\/index.php?rest_route=%2Fwp%2Fv2%2Fmedia&parent=1369"}],"curies":[{"name":"wp","href":"https:\/\/api.w.org\/{rel}","templated":true}]}}