{"id":7984,"date":"2021-11-23T13:25:59","date_gmt":"2021-11-23T11:25:59","guid":{"rendered":"https:\/\/identifio.fi\/?page_id=7984"},"modified":"2024-12-31T16:30:08","modified_gmt":"2024-12-31T14:30:08","slug":"tilin-luonti","status":"publish","type":"page","link":"https:\/\/identifio.fi\/?page_id=7984","title":{"rendered":"Tilin luonti"},"content":{"rendered":"<div class=\"passster-form\" id=\"ps-219\">\n    <form class=\"password-form\" method=\"post\" autocomplete=\"off\" target=\"_top\">\n        <span class=\"ps-form-headline\">Suojattu salasanalla<\/span>\n        <p>P\u00e4\u00e4set luomaan k\u00e4ytt\u00e4j\u00e4tunnuksen antamalla salausavaimen.<\/p>\n        <fieldset>\n            <span class=\"ps-loader\"><img decoding=\"async\" src=\"https:\/\/identifio.fi\/wp-content\/plugins\/content-protector\/assets\/public\/ps-loader.svg\"\/><\/span>\n            <label for=\"passster_password\" style=\"display:none;\">Enter your password<\/label>\n            <input placeholder=\"Salausavain\" type=\"password\" tabindex=\"1\" name=\"passster_password\"\n                   id=\"passster_password\" class=\"passster-password\" autocomplete=\"off\"\n                   data-protection-type=\"password\" data-list=\"[PASSSTER_LIST]\" data-lists=\"[PASSSTER_LISTS]\" data-area=\"[PASSSTER_AREA]\"\n                   data-protection=\"full\">\n            \n            <button name=\"submit\" type=\"submit\" class=\"passster-submit\" data-psid=\"ps-219\" \n                    data-submit=\"...Checking Password\" data-redirect=\"\">Aukaise\n            <\/button>\n            <div class=\"passster-error\"><\/div>\n        <\/fieldset>\n    <\/form>\n<\/div>","protected":false},"excerpt":{"rendered":"<div class=\"passster-form\" id=\"ps-318\">\n<form class=\"password-form\" method=\"post\" autocomplete=\"off\" target=\"_top\">\n        <span class=\"ps-form-headline\">Suojattu salasanalla<\/span><\/p>\n<p>P\u00e4\u00e4set luomaan k\u00e4ytt\u00e4j\u00e4tunnuksen antamalla salausavaimen.<\/p>\n<fieldset>\n            <span class=\"ps-loader\"><img decoding=\"async\" src=\"https:\/\/identifio.fi\/wp-content\/plugins\/content-protector\/assets\/public\/ps-loader.svg\"\/><\/span><br \/>\n            <label for=\"passster_password\" style=\"display:none;\">Enter your password<\/label><br \/>\n            <input placeholder=\"Salausavain\" type=\"password\" tabindex=\"1\" name=\"passster_password\"\n                   id=\"passster_password\" class=\"passster-password\" autocomplete=\"off\"\n                   data-protection-type=\"password\" data-list=\"[PASSSTER_LIST]\" data-lists=\"[PASSSTER_LISTS]\" data-area=\"[PASSSTER_AREA]\"\n                   data-protection=\"full\"><\/p>\n<p>            <button name=\"submit\" type=\"submit\" class=\"passster-submit\" data-psid=\"ps-318\" \n                    data-submit=\"...Checking Password\" data-redirect=\"\">Aukaise<br \/>\n            <\/button><\/p>\n<div class=\"passster-error\"><\/div>\n<\/fieldset><\/form>\n<\/div>\n","protected":false},"author":142,"featured_media":0,"parent":0,"menu_order":0,"comment_status":"closed","ping_status":"closed","template":"","meta":{"_acf_changed":false,"passster_activate_protection":true,"passster_protect_child_pages":"","passster_protection_type":"password_list","passster_password":"OletkoValittu-21","passster_activate_overwrite_defaults":"","passster_headline":"","passster_instruction":"","passster_placeholder":"","passster_button":"","passster_id":"","passster_activate_misc_settings":"","passster_redirect_url":"","passster_hide":"no","passster_area_shortcode":"","footnotes":""},"class_list":["post-7984","page","type-page","status-publish","hentry"],"acf":[],"_links":{"self":[{"href":"https:\/\/identifio.fi\/index.php?rest_route=\/wp\/v2\/pages\/7984","targetHints":{"allow":["GET"]}}],"collection":[{"href":"https:\/\/identifio.fi\/index.php?rest_route=\/wp\/v2\/pages"}],"about":[{"href":"https:\/\/identifio.fi\/index.php?rest_route=\/wp\/v2\/types\/page"}],"author":[{"embeddable":true,"href":"https:\/\/identifio.fi\/index.php?rest_route=\/wp\/v2\/users\/142"}],"replies":[{"embeddable":true,"href":"https:\/\/identifio.fi\/index.php?rest_route=%2Fwp%2Fv2%2Fcomments&post=7984"}],"version-history":[{"count":30,"href":"https:\/\/identifio.fi\/index.php?rest_route=\/wp\/v2\/pages\/7984\/revisions"}],"predecessor-version":[{"id":10880,"href":"https:\/\/identifio.fi\/index.php?rest_route=\/wp\/v2\/pages\/7984\/revisions\/10880"}],"wp:attachment":[{"href":"https:\/\/identifio.fi\/index.php?rest_route=%2Fwp%2Fv2%2Fmedia&parent=7984"}],"curies":[{"name":"wp","href":"https:\/\/api.w.org\/{rel}","templated":true}]}}